{"id":2177,"date":"2012-09-12T19:42:01","date_gmt":"2012-09-12T17:42:01","guid":{"rendered":"http:\/\/www.futuren-group.com\/?page_id=2177"},"modified":"2022-01-03T18:04:36","modified_gmt":"2022-01-03T17:04:36","slug":"mentions-legales","status":"publish","type":"page","link":"https:\/\/www.futuren-group.com\/en\/mentions-legales","title":{"rendered":"Disclaimer"},"content":{"rendered":"<p><\/p>\n<p>This Website is published by FUTUREN SAS, a French simplified joint-stock company (<em>soci\u00e9t\u00e9 par actions simplifi\u00e9e<\/em>)\u00a0registered with the French Registry of Commerce and Companies of Nanterre under number 423 127 281, whose registered office is situated:<\/p>\n<p>C\u0153ur D\u00e9fense<br \/>\n100, esplanade du G\u00e9n\u00e9ral de Gaulle<br \/>\n92932 Paris La D\u00e9fense<br \/>\nFrance<\/p>\n<p>Tel. +33 (0)4 42 904 904<br \/>\nFax.+33 (0)4 42 904 905<\/p>\n<p>Head of publishing: Elodie FIORINI<\/p>\n<h2>Web Hosting<\/h2>\n<p>The <a href=\"\/\">www.futuren-group.com<\/a> Website is hosted by:<\/p>\n<p>Linkbynet<br \/>\nParc du Colombier<br \/>\n14, rue Jules Saulnier<br \/>\n93200 Saint-Denis, France<\/p>\n<p>Tel. +33 (0)1 48 13 00 00<br \/>\nFax. +33 (0)1 48 13 31 23<\/p>\n<p>The <a href=\"\/\">www.futuren-group.com<\/a> Website is administrated by:<\/p>\n<p>Actusnews, a French Simplified Joint Stock Company (\u201c<em>Soci\u00e9t\u00e9\u00a0par actions simplifi\u00e9e<\/em>\u201d)\u00a0with a share capital of \u20ac192,687, registered with the French Registry of Commerce and Companies of Paris under number B384 045 365, whose registered office is situated 11, rue Quentin Bauchart 75008 Paris, France, and whose phone number is +33 (0)1 53 67 36 36.<\/p>\n<p>Legal representative of Actusnews: Emmanuel Coudurier<\/p>\n<p><a href=\"https:\/\/www.actusnews.com\/\">https:\/\/www.actusnews.com<\/a><\/p>\n<h2>Copyright<\/h2>\n<p>The elements constituting this Website, developed by FUTUREN SAS, are protected by the applicable law relating to copyrights, trademarks, designs and models, and unfair competition.<\/p>\n<p>The content includes, in particular, the architecture, corporate identity, as well as all the information and elements available on the Website.<br \/>\n\u00a0<br \/>\nThe content is the property of FUTUREN SAS and its subsidiaries or its technical service providers.<\/p>\n<p>Any full or partial reproduction, representation, broadcast and\/or use of the contents of this Website by any means, in any form or for any purpose whatsoever, without the prior written consent of FUTUREN SAS, is strictly forbidden.<\/p>\n<p>Any user who breaches these general terms of use may be subject to civil or penal proceedings which repress, in particular, infringement of copyrights and similar rights.<\/p>\n<h2>Liability<\/h2>\n<p>FUTUREN SAS and its subsidiaries provide no guarantee whatsoever with respect to content, notably any guarantee of quality, suitability for a particular use and ownership. The <a href=\"\/\">www.futuren-group.com<\/a> Website may contain inaccuracies or typographical errors.\u00a0Therefore, FUTUREN SA and its subsidiaries exclude all liability of any kind for direct, indirect or incidental damages or loss of data or profit resulting from, or associated with, the use or operation of this Website and its content.<\/p>\n<p>Changes and updates are frequently applied to the <a href=\"\/\">www.futuren-group.com<\/a> Website. In this respect, FUTUREN SAS and its subsidiaries reserve the right to make any modification, correction or change, at any time.<\/p>\n<p>The links featured on <a href=\"\/\">www.futuren-group.com<\/a> will make you leave the Website. These links are provided for your convenience only and do not, in any way, imply approval or endorsement of said Websites by FUTUREN SA and its subsidiaries. FUTUREN SAS and its subsidiaries have no control over the target sites and will not be held liable for their content, links, the products or services they offer or changes or updates made to them. Trademarks or brands, product or service names, domain names and company names referred to on this Website remain the property of their respective owners.<\/p>\n<p>Links, trademarks or brands, names, services, domain names and names of other companies mentioned on the Website do not imply, in any way, the existence of any association between FUTUREN SAS and its subsidiaries and these companies, products or services, trademarks or brands, names or corporate names.<\/p>\n<h2>Privacy<\/h2>\n<p>The <a href=\"\/\">www.futuren-group.com<\/a> Website is registered with the CNIL under number 1593036.<\/p>\n<p>The information gathered by FUTUREN SAS is subject to automatic processing used only for the purpose of managing the <a href=\"\/\">www.futuren-group.com<\/a> Website and contacting its shareholders. These data will not be disclosed to third parties. In conformity with the provisions of data privacy laws (French law of January 6, 1978, relating to personal data, amended in August 2004), FUTUREN SAS declared to the CNIL being using automatic processing of personal data for the main purpose of contacting the users by email. These data are as follows:\u00a0<\/p>\n<ul>\n<li>Last name<\/li>\n<li>First name<\/li>\n<li>Full address<\/li>\n<li>Country<\/li>\n<li>Email address<\/li>\n<li>Proof of share detention<\/li>\n<\/ul>\n<p>You have a right of access and correction of your personal data.<br \/>\nYou may also, for legitimate reasons, oppose the processing of your personal data.<br \/>\nFor any personal data correction request, please contact: <a href=\"mailto:communication@futuren-group.com\">communication@futuren-group.com<\/a>\u00a0<\/p>\n<p><\/p>","protected":false},"excerpt":{"rendered":"<p>This Website is published by FUTUREN SAS, a French simplified joint-stock company (soci\u00e9t\u00e9 par actions simplifi\u00e9e)\u00a0registered with the French Registry of Commerce and Companies of Nanterre under number 423 127 281, whose registered office is situated: C\u0153ur D\u00e9fense 100, esplanade du G\u00e9n\u00e9ral de Gaulle 92932 Paris La D\u00e9fense France Tel. +33 (0)4 42 904 904 [&hellip;]<\/p>\n","protected":false},"author":12,"featured_media":0,"parent":0,"menu_order":0,"comment_status":"closed","ping_status":"closed","template":"template_contact.php","meta":{"_monsterinsights_skip_tracking":false,"_monsterinsights_sitenote_active":false,"_monsterinsights_sitenote_note":"","_monsterinsights_sitenote_category":0,"footnotes":""},"class_list":["post-2177","page","type-page","status-publish","hentry"],"_links":{"self":[{"href":"https:\/\/www.futuren-group.com\/en\/wp-json\/wp\/v2\/pages\/2177","targetHints":{"allow":["GET"]}}],"collection":[{"href":"https:\/\/www.futuren-group.com\/en\/wp-json\/wp\/v2\/pages"}],"about":[{"href":"https:\/\/www.futuren-group.com\/en\/wp-json\/wp\/v2\/types\/page"}],"author":[{"embeddable":true,"href":"https:\/\/www.futuren-group.com\/en\/wp-json\/wp\/v2\/users\/12"}],"replies":[{"embeddable":true,"href":"https:\/\/www.futuren-group.com\/en\/wp-json\/wp\/v2\/comments?post=2177"}],"version-history":[{"count":0,"href":"https:\/\/www.futuren-group.com\/en\/wp-json\/wp\/v2\/pages\/2177\/revisions"}],"wp:attachment":[{"href":"https:\/\/www.futuren-group.com\/en\/wp-json\/wp\/v2\/media?parent=2177"}],"curies":[{"name":"wp","href":"https:\/\/api.w.org\/{rel}","templated":true}]}}